{"id":846,"date":"2025-01-27T13:24:00","date_gmt":"2025-01-27T13:24:00","guid":{"rendered":"https:\/\/biboesencias.es\/?page_id=846"},"modified":"2025-01-27T13:25:05","modified_gmt":"2025-01-27T13:25:05","slug":"aviso-legal","status":"publish","type":"page","link":"https:\/\/biboesencias.es\/index.php\/aviso-legal\/","title":{"rendered":"Aviso legal"},"content":{"rendered":"<style><\/style>\t\t<div data-elementor-type=\"wp-page\" data-elementor-id=\"846\" class=\"elementor elementor-846\" data-elementor-post-type=\"page\">\n\t\t\t\t\t\t<section class=\"elementor-section elementor-top-section elementor-element elementor-element-a14cb54 elementor-section-boxed elementor-section-height-default elementor-section-height-default\" data-id=\"a14cb54\" data-element_type=\"section\" data-e-type=\"section\">\n\t\t\t\t\t\t<div class=\"elementor-container elementor-column-gap-default\">\n\t\t\t\t\t<div class=\"elementor-column elementor-col-100 elementor-top-column elementor-element elementor-element-9eb4944\" data-id=\"9eb4944\" data-element_type=\"column\" data-e-type=\"column\">\n\t\t\t<div class=\"elementor-widget-wrap elementor-element-populated\">\n\t\t\t\t\t\t<div class=\"elementor-element elementor-element-779f646 elementor-widget elementor-widget-text-editor\" data-id=\"779f646\" data-element_type=\"widget\" data-e-type=\"widget\" data-widget_type=\"text-editor.default\">\n\t\t\t\t<div class=\"elementor-widget-container\">\n\t\t\t\t\t\t\t\t\t<h3>AVISO LEGAL<\/h3><p><strong>1. Informaci\u00f3n General<\/strong><br \/>En cumplimiento con el deber de informaci\u00f3n recogido en el art\u00edculo 10 de la Ley 34\/2002, de 11 de julio, de Servicios de la Sociedad de la Informaci\u00f3n y del Comercio Electr\u00f3nico (LSSICE), se expone a continuaci\u00f3n la informaci\u00f3n general del titular del sitio web:<\/p><ul><li><strong>Titular:<\/strong> Rocket 22 Design S.L.<\/li><li><strong>CIF:<\/strong> B75663625<\/li><li><strong>Domicilio Social:<\/strong> Calle Redentor 14 BB, 28044, Madrid, Espa\u00f1a.<\/li><li><strong>Correo Electr\u00f3nico:<\/strong> <a rel=\"noopener\">soporte@biboesencias.es<\/a><\/li><\/ul><p>El presente aviso legal regula el uso del sitio web <strong><a href=\"http:\/\/www.biboesencias.es\" target=\"_new\" rel=\"noopener\">www.biboesencias.es<\/a><\/strong>, en adelante \u00abel Sitio Web\u00bb.<\/p><hr \/><p><strong>2. Condiciones de Uso<\/strong><br \/>El acceso y uso del Sitio Web atribuyen la condici\u00f3n de usuario e implican la aceptaci\u00f3n plena y sin reservas de todas las disposiciones incluidas en este Aviso Legal en el momento en que el usuario acceda al mismo. El usuario se compromete a hacer un uso adecuado del Sitio Web conforme a la legislaci\u00f3n aplicable, la buena fe y el orden p\u00fablico.<\/p><p>Rocket 22 Design S.L. se reserva el derecho a modificar, en cualquier momento y sin previo aviso, la presentaci\u00f3n, configuraci\u00f3n y contenido del Sitio Web, as\u00ed como el presente Aviso Legal.<\/p><hr \/><p><strong>3. Propiedad Intelectual e Industrial<\/strong><br \/>Todos los contenidos del Sitio Web, incluyendo textos, im\u00e1genes, dise\u00f1os, logotipos, c\u00f3digo fuente y cualquier otro elemento, son propiedad exclusiva de Rocket 22 Design S.L. o de terceros que hayan autorizado su uso. Queda prohibida su reproducci\u00f3n, distribuci\u00f3n, comunicaci\u00f3n p\u00fablica, transformaci\u00f3n o cualquier otra forma de explotaci\u00f3n sin la autorizaci\u00f3n expresa del titular.<\/p><hr \/><p><strong>4. Responsabilidad<\/strong><br \/>Rocket 22 Design S.L. no se hace responsable de los da\u00f1os y perjuicios de cualquier naturaleza que pudieran ocasionarse por el uso indebido del Sitio Web, as\u00ed como por errores u omisiones en sus contenidos o la falta de disponibilidad del mismo.<\/p><hr \/><p><strong>5. Protecci\u00f3n de Datos<\/strong><br \/>Rocket 22 Design S.L. se compromete a garantizar la privacidad de los datos personales proporcionados por los usuarios conforme al Reglamento General de Protecci\u00f3n de Datos (RGPD) y la Ley Org\u00e1nica 3\/2018, de Protecci\u00f3n de Datos Personales y Garant\u00eda de los Derechos Digitales (LOPDGDD).<\/p><p>Para m\u00e1s informaci\u00f3n, puede consultar nuestra <strong>Pol\u00edtica de Privacidad<\/strong> disponible en el Sitio Web.<\/p><hr \/><p><strong>6. Enlaces Externos<\/strong><br \/>El Sitio Web puede contener enlaces a otros sitios web gestionados por terceros. Rocket 22 Design S.L. no se responsabiliza del contenido de dichos sitios ni de las pr\u00e1cticas de privacidad aplicadas en ellos.<\/p><hr \/><p><strong>7. Legislaci\u00f3n Aplicable y Jurisdicci\u00f3n<\/strong><br \/>El presente Aviso Legal se rige por la legislaci\u00f3n espa\u00f1ola. Para cualquier controversia que pudiera derivarse del acceso o uso del Sitio Web, las partes acuerdan someterse a los juzgados y tribunales de Madrid, Espa\u00f1a.<\/p><hr \/><p>Para cualquier consulta sobre este Aviso Legal, puede contactarnos a trav\u00e9s de nuestro correo electr\u00f3nico: <strong><a rel=\"noopener\">soporte@biboesencias.es<\/a><\/strong>.<\/p><p>Rocket 22 Design S.L.<br \/><strong>Cuidando cada detalle para crear momentos inolvidables.<\/strong><\/p>\t\t\t\t\t\t\t\t<\/div>\n\t\t\t\t<\/div>\n\t\t\t\t\t<\/div>\n\t\t<\/div>\n\t\t\t\t\t<\/div>\n\t\t<\/section>\n\t\t\t\t<\/div>\n\t\t","protected":false},"excerpt":{"rendered":"<p>AVISO LEGAL 1. Informaci\u00f3n GeneralEn cumplimiento con el deber de informaci\u00f3n recogido en el art\u00edculo 10 de la Ley 34\/2002, [&hellip;]<\/p>\n","protected":false},"author":1,"featured_media":0,"parent":0,"menu_order":0,"comment_status":"closed","ping_status":"closed","template":"","meta":{"site-sidebar-layout":"no-sidebar","site-content-layout":"","ast-site-content-layout":"full-width-container","site-content-style":"default","site-sidebar-style":"default","ast-global-header-display":"","ast-banner-title-visibility":"","ast-main-header-display":"","ast-hfb-above-header-display":"","ast-hfb-below-header-display":"","ast-hfb-mobile-header-display":"","site-post-title":"disabled","ast-breadcrumbs-content":"","ast-featured-img":"disabled","footer-sml-layout":"","ast-disable-related-posts":"","theme-transparent-header-meta":"","adv-header-id-meta":"","stick-header-meta":"","header-above-stick-meta":"","header-main-stick-meta":"","header-below-stick-meta":"","astra-migrate-meta-layouts":"default","ast-page-background-enabled":"default","ast-page-background-meta":{"desktop":{"background-color":"var(--ast-global-color-4)","background-image":"","background-repeat":"repeat","background-position":"center center","background-size":"auto","background-attachment":"scroll","background-type":"","background-media":"","overlay-type":"","overlay-color":"","overlay-opacity":"","overlay-gradient":""},"tablet":{"background-color":"","background-image":"","background-repeat":"repeat","background-position":"center center","background-size":"auto","background-attachment":"scroll","background-type":"","background-media":"","overlay-type":"","overlay-color":"","overlay-opacity":"","overlay-gradient":""},"mobile":{"background-color":"","background-image":"","background-repeat":"repeat","background-position":"center center","background-size":"auto","background-attachment":"scroll","background-type":"","background-media":"","overlay-type":"","overlay-color":"","overlay-opacity":"","overlay-gradient":""}},"ast-content-background-meta":{"desktop":{"background-color":"var(--ast-global-color-5)","background-image":"","background-repeat":"repeat","background-position":"center center","background-size":"auto","background-attachment":"scroll","background-type":"","background-media":"","overlay-type":"","overlay-color":"","overlay-opacity":"","overlay-gradient":""},"tablet":{"background-color":"var(--ast-global-color-5)","background-image":"","background-repeat":"repeat","background-position":"center center","background-size":"auto","background-attachment":"scroll","background-type":"","background-media":"","overlay-type":"","overlay-color":"","overlay-opacity":"","overlay-gradient":""},"mobile":{"background-color":"var(--ast-global-color-5)","background-image":"","background-repeat":"repeat","background-position":"center center","background-size":"auto","background-attachment":"scroll","background-type":"","background-media":"","overlay-type":"","overlay-color":"","overlay-opacity":"","overlay-gradient":""}},"footnotes":""},"class_list":["post-846","page","type-page","status-publish","hentry"],"yoast_head":"<!-- This site is optimized with the Yoast SEO plugin v27.4 - https:\/\/yoast.com\/product\/yoast-seo-wordpress\/ -->\n<title>Aviso legal - Papeler\u00eda de boda personalizada<\/title>\n<meta name=\"description\" content=\"Aviso legal\" \/>\n<meta name=\"robots\" content=\"index, follow, max-snippet:-1, max-image-preview:large, max-video-preview:-1\" \/>\n<link rel=\"canonical\" href=\"https:\/\/biboesencias.es\/index.php\/aviso-legal\/\" \/>\n<meta property=\"og:locale\" content=\"es_ES\" \/>\n<meta property=\"og:type\" content=\"article\" \/>\n<meta property=\"og:title\" content=\"Aviso legal - Papeler\u00eda de boda personalizada\" \/>\n<meta property=\"og:description\" content=\"Aviso legal\" \/>\n<meta property=\"og:url\" content=\"https:\/\/biboesencias.es\/index.php\/aviso-legal\/\" \/>\n<meta property=\"og:site_name\" content=\"Papeler\u00eda de boda personalizada\" \/>\n<meta property=\"article:modified_time\" content=\"2025-01-27T13:25:05+00:00\" \/>\n<meta name=\"twitter:card\" content=\"summary_large_image\" \/>\n<meta name=\"twitter:label1\" content=\"Tiempo de lectura\" \/>\n\t<meta name=\"twitter:data1\" content=\"3 minutos\" \/>\n<script type=\"application\/ld+json\" class=\"yoast-schema-graph\">{\"@context\":\"https:\\\/\\\/schema.org\",\"@graph\":[{\"@type\":\"WebPage\",\"@id\":\"https:\\\/\\\/biboesencias.es\\\/index.php\\\/aviso-legal\\\/\",\"url\":\"https:\\\/\\\/biboesencias.es\\\/index.php\\\/aviso-legal\\\/\",\"name\":\"Aviso legal - Papeler\u00eda de boda personalizada\",\"isPartOf\":{\"@id\":\"https:\\\/\\\/biboesencias.es\\\/#website\"},\"datePublished\":\"2025-01-27T13:24:00+00:00\",\"dateModified\":\"2025-01-27T13:25:05+00:00\",\"description\":\"Aviso legal\",\"breadcrumb\":{\"@id\":\"https:\\\/\\\/biboesencias.es\\\/index.php\\\/aviso-legal\\\/#breadcrumb\"},\"inLanguage\":\"es\",\"potentialAction\":[{\"@type\":\"ReadAction\",\"target\":[\"https:\\\/\\\/biboesencias.es\\\/index.php\\\/aviso-legal\\\/\"]}]},{\"@type\":\"BreadcrumbList\",\"@id\":\"https:\\\/\\\/biboesencias.es\\\/index.php\\\/aviso-legal\\\/#breadcrumb\",\"itemListElement\":[{\"@type\":\"ListItem\",\"position\":1,\"name\":\"Home\",\"item\":\"https:\\\/\\\/biboesencias.es\\\/\"},{\"@type\":\"ListItem\",\"position\":2,\"name\":\"Aviso legal\"}]},{\"@type\":\"WebSite\",\"@id\":\"https:\\\/\\\/biboesencias.es\\\/#website\",\"url\":\"https:\\\/\\\/biboesencias.es\\\/\",\"name\":\"Papeler\u00eda de boda personalizada\",\"description\":\"Papeler\u00eda de boda personalizada\",\"publisher\":{\"@id\":\"https:\\\/\\\/biboesencias.es\\\/#organization\"},\"potentialAction\":[{\"@type\":\"SearchAction\",\"target\":{\"@type\":\"EntryPoint\",\"urlTemplate\":\"https:\\\/\\\/biboesencias.es\\\/?s={search_term_string}\"},\"query-input\":{\"@type\":\"PropertyValueSpecification\",\"valueRequired\":true,\"valueName\":\"search_term_string\"}}],\"inLanguage\":\"es\"},{\"@type\":\"Organization\",\"@id\":\"https:\\\/\\\/biboesencias.es\\\/#organization\",\"name\":\"Papeler\u00eda de boda personalizada\",\"url\":\"https:\\\/\\\/biboesencias.es\\\/\",\"logo\":{\"@type\":\"ImageObject\",\"inLanguage\":\"es\",\"@id\":\"https:\\\/\\\/biboesencias.es\\\/#\\\/schema\\\/logo\\\/image\\\/\",\"url\":\"https:\\\/\\\/biboesencias.es\\\/wp-content\\\/uploads\\\/2025\\\/01\\\/cropped-ENTERO-ALARGADO-.png\",\"contentUrl\":\"https:\\\/\\\/biboesencias.es\\\/wp-content\\\/uploads\\\/2025\\\/01\\\/cropped-ENTERO-ALARGADO-.png\",\"width\":1158,\"height\":468,\"caption\":\"Papeler\u00eda de boda personalizada\"},\"image\":{\"@id\":\"https:\\\/\\\/biboesencias.es\\\/#\\\/schema\\\/logo\\\/image\\\/\"}}]}<\/script>\n<!-- \/ Yoast SEO plugin. -->","yoast_head_json":{"title":"Aviso legal - Papeler\u00eda de boda personalizada","description":"Aviso legal","robots":{"index":"index","follow":"follow","max-snippet":"max-snippet:-1","max-image-preview":"max-image-preview:large","max-video-preview":"max-video-preview:-1"},"canonical":"https:\/\/biboesencias.es\/index.php\/aviso-legal\/","og_locale":"es_ES","og_type":"article","og_title":"Aviso legal - Papeler\u00eda de boda personalizada","og_description":"Aviso legal","og_url":"https:\/\/biboesencias.es\/index.php\/aviso-legal\/","og_site_name":"Papeler\u00eda de boda personalizada","article_modified_time":"2025-01-27T13:25:05+00:00","twitter_card":"summary_large_image","twitter_misc":{"Tiempo de lectura":"3 minutos"},"schema":{"@context":"https:\/\/schema.org","@graph":[{"@type":"WebPage","@id":"https:\/\/biboesencias.es\/index.php\/aviso-legal\/","url":"https:\/\/biboesencias.es\/index.php\/aviso-legal\/","name":"Aviso legal - Papeler\u00eda de boda personalizada","isPartOf":{"@id":"https:\/\/biboesencias.es\/#website"},"datePublished":"2025-01-27T13:24:00+00:00","dateModified":"2025-01-27T13:25:05+00:00","description":"Aviso legal","breadcrumb":{"@id":"https:\/\/biboesencias.es\/index.php\/aviso-legal\/#breadcrumb"},"inLanguage":"es","potentialAction":[{"@type":"ReadAction","target":["https:\/\/biboesencias.es\/index.php\/aviso-legal\/"]}]},{"@type":"BreadcrumbList","@id":"https:\/\/biboesencias.es\/index.php\/aviso-legal\/#breadcrumb","itemListElement":[{"@type":"ListItem","position":1,"name":"Home","item":"https:\/\/biboesencias.es\/"},{"@type":"ListItem","position":2,"name":"Aviso legal"}]},{"@type":"WebSite","@id":"https:\/\/biboesencias.es\/#website","url":"https:\/\/biboesencias.es\/","name":"Papeler\u00eda de boda personalizada","description":"Papeler\u00eda de boda personalizada","publisher":{"@id":"https:\/\/biboesencias.es\/#organization"},"potentialAction":[{"@type":"SearchAction","target":{"@type":"EntryPoint","urlTemplate":"https:\/\/biboesencias.es\/?s={search_term_string}"},"query-input":{"@type":"PropertyValueSpecification","valueRequired":true,"valueName":"search_term_string"}}],"inLanguage":"es"},{"@type":"Organization","@id":"https:\/\/biboesencias.es\/#organization","name":"Papeler\u00eda de boda personalizada","url":"https:\/\/biboesencias.es\/","logo":{"@type":"ImageObject","inLanguage":"es","@id":"https:\/\/biboesencias.es\/#\/schema\/logo\/image\/","url":"https:\/\/biboesencias.es\/wp-content\/uploads\/2025\/01\/cropped-ENTERO-ALARGADO-.png","contentUrl":"https:\/\/biboesencias.es\/wp-content\/uploads\/2025\/01\/cropped-ENTERO-ALARGADO-.png","width":1158,"height":468,"caption":"Papeler\u00eda de boda personalizada"},"image":{"@id":"https:\/\/biboesencias.es\/#\/schema\/logo\/image\/"}}]}},"_links":{"self":[{"href":"https:\/\/biboesencias.es\/index.php\/wp-json\/wp\/v2\/pages\/846","targetHints":{"allow":["GET"]}}],"collection":[{"href":"https:\/\/biboesencias.es\/index.php\/wp-json\/wp\/v2\/pages"}],"about":[{"href":"https:\/\/biboesencias.es\/index.php\/wp-json\/wp\/v2\/types\/page"}],"author":[{"embeddable":true,"href":"https:\/\/biboesencias.es\/index.php\/wp-json\/wp\/v2\/users\/1"}],"replies":[{"embeddable":true,"href":"https:\/\/biboesencias.es\/index.php\/wp-json\/wp\/v2\/comments?post=846"}],"version-history":[{"count":4,"href":"https:\/\/biboesencias.es\/index.php\/wp-json\/wp\/v2\/pages\/846\/revisions"}],"predecessor-version":[{"id":850,"href":"https:\/\/biboesencias.es\/index.php\/wp-json\/wp\/v2\/pages\/846\/revisions\/850"}],"wp:attachment":[{"href":"https:\/\/biboesencias.es\/index.php\/wp-json\/wp\/v2\/media?parent=846"}],"curies":[{"name":"wp","href":"https:\/\/api.w.org\/{rel}","templated":true}]}}